{"id":199,"date":"2013-09-12T23:14:27","date_gmt":"2013-09-12T21:14:27","guid":{"rendered":"https:\/\/hafneroswald.com\/privacy-2\/"},"modified":"2014-01-15T09:30:29","modified_gmt":"2014-01-15T07:30:29","slug":"privacy","status":"publish","type":"page","link":"https:\/\/hafneroswald.com\/it\/privacy\/","title":{"rendered":"Privacy"},"content":{"rendered":"<h5><span style=\"color: #888888;\"><strong>Disconoscimento<\/strong><\/span><\/h5>\n<p>I marchi citati in questo sito web e delle societ\u00e0 sono di propriet\u00e0 dei rispettivi proprietari.<\/p>\n<p>Questo sito contiene link a siti di terzi. Nonostante un attento controllo, alcuna responsabilit\u00e0 per il contenuto dei siti collegati \u00e8 accettata. La responsabilit\u00e0 e la responsabilit\u00e0 per il contenuto delle pagine solo con i rispettivi operatori.<\/p>\n<p><strong>Informativa sulla privacy<\/strong><\/p>\n<p>Ai sensi dell&#8217;articolo 13 del Decreto Legislativo 196 del 30 Giugno 2003 e successive modifiche ed integrazioni, si informa che tutti i dati saranno, \u00e8 possibile inviare attraverso il nostro sito web o attraverso altri mezzi (fax, e-<wbr \/>mail, posta) vengono raccolti e conservati. Noi garantiamo che a norma di legge, che il trattamento dei dati personali nel rispetto dei diritti e delle libert\u00e0 fondamentali, nonch\u00e9 della dignit\u00e0 dell&#8217;interessato, con particolare riferimento alla riservatezza, all&#8217;identit\u00e0 personale e al diritto alla protezione dei dati personali. I dati personali trattati dalla nostra societ\u00e0 non sar\u00e0 distribuita.<\/p>\n<p>Il Data Protection Act d\u00e0 la base dell&#8217;articolo 7 interessato rettificare il diritto di confermare i suoi dati e di verificare, modificare ed integrare, per richiedere che i dati vengano cancellati, bloccati o trasformati in forma anonima, se trattati in violazione di legge. Egli ha il diritto di opporsi, per motivi legittimi, in tutto o in parte dei propri dati, nonch\u00e9 di chiedere la cancellazione, il blocco o la trasformazione in forma anonima, senza giustificato motivo qualora i dati ai fini di informazione commerciale, invio di materiale pubblicitario, vendita diretta saranno utilizzati per la ricerca di mercato e opinione pubblica.<\/p>\n<p>Titolare del trattamento \u00e8:<\/p>\n<p>HAFNER Oswald, Zona Artigianale 2, I-<wbr \/>39010 Verano (BZ), Alto Adige \/ Italia<\/p>\n","protected":false},"excerpt":{"rendered":"<p>Disconoscimento I marchi citati in questo sito web e delle societ\u00e0 sono di propriet\u00e0 dei rispettivi proprietari. Questo sito contiene link a siti di terzi. Nonostante un attento controllo, alcuna responsabilit\u00e0 per il contenuto dei siti collegati \u00e8 accettata. La responsabilit\u00e0 e la responsabilit\u00e0 per il contenuto delle pagine solo con i rispettivi operatori. Informativa [&hellip;]<\/p>\n","protected":false},"author":1,"featured_media":0,"parent":0,"menu_order":7,"comment_status":"open","ping_status":"closed","template":"","meta":{"inline_featured_image":false,"footnotes":""},"class_list":["post-199","page","type-page","status-publish","hentry"],"_links":{"self":[{"href":"https:\/\/hafneroswald.com\/it\/wp-json\/wp\/v2\/pages\/199","targetHints":{"allow":["GET"]}}],"collection":[{"href":"https:\/\/hafneroswald.com\/it\/wp-json\/wp\/v2\/pages"}],"about":[{"href":"https:\/\/hafneroswald.com\/it\/wp-json\/wp\/v2\/types\/page"}],"author":[{"embeddable":true,"href":"https:\/\/hafneroswald.com\/it\/wp-json\/wp\/v2\/users\/1"}],"replies":[{"embeddable":true,"href":"https:\/\/hafneroswald.com\/it\/wp-json\/wp\/v2\/comments?post=199"}],"version-history":[{"count":0,"href":"https:\/\/hafneroswald.com\/it\/wp-json\/wp\/v2\/pages\/199\/revisions"}],"wp:attachment":[{"href":"https:\/\/hafneroswald.com\/it\/wp-json\/wp\/v2\/media?parent=199"}],"curies":[{"name":"wp","href":"https:\/\/api.w.org\/{rel}","templated":true}]}}