{"id":925,"date":"2017-11-20T17:54:05","date_gmt":"2017-11-20T15:54:05","guid":{"rendered":"https:\/\/hafneroswald.com\/servizio\/politica-aziendale\/"},"modified":"2017-11-20T17:54:05","modified_gmt":"2017-11-20T15:54:05","slug":"politica-aziendale","status":"publish","type":"page","link":"https:\/\/hafneroswald.com\/it\/servizio\/politica-aziendale\/","title":{"rendered":"politica aziendale"},"content":{"rendered":"<h4>Politica dell\u2018impresa<\/h4>\n<p>Il nostro obiettivo primario \u00e8 di poter garantire l\u2019alta qualit\u00e0 \u00a0dei nostri servizi e prodotti.<br \/>\nL\u2019orientamento alla qualit\u00e0 e alla soddisfazione dei clienti \u00e8 fondamentale per il nostro successo.<\/p>\n<p>Ci siamo impegnati a prendere la responsabilit\u00e0 sociale e a proteggere il nostro ambiente: vogliamo salvare i nostri risorsi naturali e evitare ferite e malattie. Pertanto il nostro modo di pensare e i nostri azioni sono mirati al collegamento di scopi ecologiche, sociali e economiche.<\/p>\n<p>Noi informiamo e istruiamo i nostri impegnati e promuoviamo un comportamento consapevole della qualit\u00e0, del nostro ambiente, della sicurezza sul lavoro e della salute.<\/p>\n<p>Per una verifica efficace e per miglioramenti dei nostri servizi e prodotti abbiamo introdotto sistemi integrati del management: L\u2019 ISO 9001, per aspetti della qualit\u00e0 e l\u2019OHSAS 18001 per aspetti della salute e della sicurezza sul lavoro. Gli aspetti vengono considerato in modo olistico e legati alle procedure per unire e collegare interventi.<\/p>\n<p>Il rispetto delle leggi \u00e8 ovviamente per noi. Per verificare i nostri servizi, prodotti e azioni sono effettuati audit interni e riesami della direzione.<\/p>\n<p>L\u2019attuazione delle nostre linee di guida viene descritto nel sistema integrato del management per qualit\u00e0, salute e sicurezza. Il sistema \u00e8 orientato alle norme internazionali e coinvolge le esigenze dei clienti.<\/p>\n<p>La direzione<br \/>\nHafner Oswald<\/p>\n<p>Per una versione dettagliata della politica aziendale, contattaci<\/p>\n","protected":false},"excerpt":{"rendered":"<p>Politica dell\u2018impresa Il nostro obiettivo primario \u00e8 di poter garantire l\u2019alta qualit\u00e0 \u00a0dei nostri servizi e prodotti. L\u2019orientamento alla qualit\u00e0 e alla soddisfazione dei clienti \u00e8 fondamentale per il nostro successo. Ci siamo impegnati a prendere la responsabilit\u00e0 sociale e a proteggere il nostro ambiente: vogliamo salvare i nostri risorsi naturali e evitare ferite e [&hellip;]<\/p>\n","protected":false},"author":1,"featured_media":0,"parent":195,"menu_order":0,"comment_status":"closed","ping_status":"closed","template":"","meta":{"inline_featured_image":false,"footnotes":""},"class_list":["post-925","page","type-page","status-publish","hentry"],"_links":{"self":[{"href":"https:\/\/hafneroswald.com\/it\/wp-json\/wp\/v2\/pages\/925","targetHints":{"allow":["GET"]}}],"collection":[{"href":"https:\/\/hafneroswald.com\/it\/wp-json\/wp\/v2\/pages"}],"about":[{"href":"https:\/\/hafneroswald.com\/it\/wp-json\/wp\/v2\/types\/page"}],"author":[{"embeddable":true,"href":"https:\/\/hafneroswald.com\/it\/wp-json\/wp\/v2\/users\/1"}],"replies":[{"embeddable":true,"href":"https:\/\/hafneroswald.com\/it\/wp-json\/wp\/v2\/comments?post=925"}],"version-history":[{"count":0,"href":"https:\/\/hafneroswald.com\/it\/wp-json\/wp\/v2\/pages\/925\/revisions"}],"up":[{"embeddable":true,"href":"https:\/\/hafneroswald.com\/it\/wp-json\/wp\/v2\/pages\/195"}],"wp:attachment":[{"href":"https:\/\/hafneroswald.com\/it\/wp-json\/wp\/v2\/media?parent=925"}],"curies":[{"name":"wp","href":"https:\/\/api.w.org\/{rel}","templated":true}]}}